{"id":59,"date":"2018-06-01T12:26:56","date_gmt":"2018-06-01T10:26:56","guid":{"rendered":"http:\/\/deutsch-und-polnisch.de\/wordpress\/?page_id=59"},"modified":"2021-10-24T02:35:22","modified_gmt":"2021-10-24T00:35:22","slug":"veranstaltungen","status":"publish","type":"page","link":"https:\/\/deutsch-und-polnisch.de\/wordpress\/veranstaltungen\/","title":{"rendered":"Veranstaltungen"},"content":{"rendered":"\n\n\n<figure class=\"wp-block-table\"><table><tbody><tr><td><strong>17.11.2017 <\/strong>Kino Bambi, D\u00fcsseldorf&nbsp;\n<p>&nbsp;<\/p>\n<p><strong style=\"color: #3399cc; font-family: inherit;\">POLNISCHER FILM ON TOUR 6: DAS NEUE POLNISCHE KINO<\/strong><\/p>\n<p>\u201eLoving Vincent\u201c, Regie: Dorota Kobiela, Hugh Welchman, Polen, Gro\u00dfbritannien 2017, Animationsfilm, 88 Min., OmU<\/p>\n<p>Filmvorf\u00fchrung und Gespr\u00e4ch mit dem Regieassistenten Piotr Dominiak<\/p>\n<p>Moderation: Dorothee Krings<\/p>\n<p><em>Auftraggeber: Polnisches Institut D\u00fcsseldorf<\/em><\/p>\n<\/td><\/tr><tr><td><strong>05.05.2017<\/strong> Ministerium f\u00fcr Familie, Kinder, Jugend, Kultur und Sport des Landes NRW, D\u00fcsseldorf&nbsp;\n<p>&nbsp;<\/p>\n<p><strong style=\"color: #3399cc; font-family: inherit;\">DEMOKRATIETOUR DER LANDESZENTRALE F\u00dcR POLITISCHE BILDUNG NRW<\/strong><\/p>\n<p>Lech Wa\u0142\u0119sa und Europastaatssekret\u00e4r Dr. Marc Jan Eumann im Gespr\u00e4ch mit 100 Jugendlichen aus NRW<\/p>\n<p>Moderation: Thomas Laue (Schauspiel K\u00f6ln)<\/p>\n<p><em>Auftraggeber: Generalkonsulat der Republik Polen in K\u00f6ln<\/em><\/p>\n<\/td><\/tr><tr><td><strong>15.11.2016<\/strong> Gerhart-Hauptmann-Haus, D\u00fcsseldorf&nbsp;\n<p>&nbsp;<\/p>\n<p><strong style=\"color: #3399cc; font-family: inherit;\">GEGEN DIE ANGST &#8211; LITERATUR IN EUROPA HEUTE<\/strong><\/p>\n<p>Gespr\u00e4ch und Lesung mit der Schriftstellerin Olga Tokarczuk<\/p>\n<p>Moderation: Bernhard Hartmann<\/p>\n<p><em>Auftraggeber: Stiftung Gerhart-Hauptmann-Haus D\u00fcsseldorf<\/em><\/p>\n<\/td><\/tr><tr><td><strong>27.10.2016<\/strong> Haus der Geschichte, Bonn&nbsp;\n<p>&nbsp;<\/p>\n<p><strong style=\"color: #3399cc; font-family: inherit;\">ADENAUER-VORTRAG 2016<\/strong><\/p>\n<p>\u201eHerausforderungen und Perspektiven f\u00fcr Europa\u201c. Vortrag des ehemaligen Pr\u00e4sidenten<br>der Republik Polen Bronis\u0142aw Komorowski<\/p>\n<p><em>Auftraggeber: Stiftung Bundeskanzler-Adenauer-Haus Rh\u00f6ndorf<\/em><\/p>\n<\/td><\/tr><tr><td><strong>11.09.2015<\/strong> Filmhauskino, K\u00f6ln&nbsp;\n<p>&nbsp;<\/p>\n<p><strong style=\"color: #3399cc; font-family: inherit;\">WARSCHAUER AUFSTAND<\/strong>, Regie: Jan Komasa, Polen 2014, Dokumentarfilm, 87 Min.<\/p>\n<p>Filmvorf\u00fchrung und Gespr\u00e4ch mit dem Produzenten des Films Piotr C. \u015aliwowski<\/p>\n<p><em>Auftraggeber: Generalkonsulat der RP in K\u00f6ln<\/em><\/p>\n<\/td><\/tr><tr><td><strong>07.05.2015<\/strong> Stadtgarten, K\u00f6ln&nbsp;\n<p>&nbsp;<\/p>\n<p><strong style=\"color: #3399cc; font-family: inherit;\">SZCZEPAN TWARDOCH \u201eMORPHIN\u201c<\/strong><\/p>\n<p>Autorenlesung im Literarischen Salon<\/p>\n<p>Moderation: Guy Helminger und Navid Kermani<\/p>\n<p><em>Auftraggeber: Generalkonsulat der RP in K\u00f6ln<\/em><\/p>\n<\/td><\/tr><tr><td><strong>06.05.2015<\/strong> Proust-Buchhandlung, Essen&nbsp;\n<p>&nbsp;<\/p>\n<p><strong style=\"color: #3399cc; font-family: inherit;\">SZCZEPAN TWARDOCH \u201eMORPHIN\u201c<\/strong><\/p>\n<p>Lesung und Gespr\u00e4ch<\/p>\n<p>Moderation: Claus Leggewie und Navid Kermani<\/p>\n<p><em>Auftraggeber: Generalkonsulat der RP in K\u00f6ln<\/em><\/p>\n<\/td><\/tr><tr><td><strong>02.12.2012<\/strong> Ruhrfestspielhaus Recklinghausen&nbsp;\n<p>&nbsp;<\/p>\n<p><strong style=\"color: #3399cc; font-family: inherit;\">JOANNA BATOR \u201eSANDBERG\u201c<\/strong><\/p>\n<p>Autorenlesung und Gespr\u00e4ch im Rahmen des Projekts Klopsztanga unter Mitwirkung von Nina Hoger und des Ensembles Noisten<\/p>\n<p>Moderation: Hans-Joachim Fingerle<\/p>\n<p><em>Auftraggeber: Stadtb\u00fccherei Recklinghausen<\/em><\/p>\n<\/td><\/tr><tr><td><strong>01.12.2012<\/strong> Haus M\u00fcnsterberg, Detmold&nbsp;\n<p>&nbsp;<\/p>\n<p><strong style=\"color: #3399cc; font-family: inherit;\">JOANNA BATOR \u201eSANDBERG\u201c<\/strong><\/p>\n<p>Autorenlesung und Gespr\u00e4ch im Rahmen der Reihe Winterlesung unter Mitwirkung von Jeanette Hain<\/p>\n<p>Moderation: Cornelia Jentzsch<\/p>\n<p><em>Auftraggeber: Literaturb\u00fcro Ostwestfalen-Lippe<\/em><\/p>\n<\/td><\/tr><tr><td><strong>04.05.2012<\/strong> Taranta Babu, Dortmund&nbsp;\n<p>&nbsp;<\/p>\n<p><strong style=\"color: #3399cc; font-family: inherit;\">JOANNA BATOR \u201eSANDBERG\u201c<\/strong><\/p>\n<p>Autorenlesung und Gespr\u00e4ch im Rahmen des Festivals LesArt.Polska<\/p>\n<p>Moderation: Klauspeter Sachau<\/p>\n<p><em>Auftraggeber: Verein f\u00fcr Literatur e.V. Dortmund<\/em><\/p>\n<\/td><\/tr><tr><td><strong>18.-21.04.2012<\/strong> Kunstmesse Art Cologne, K\u00f6ln&nbsp;\n<p>&nbsp;<\/p>\n<p><strong style=\"color: #3399cc; font-family: inherit;\">TALKS IN DER MONOPOL LOUNGE: MUSEUMSBAUTEN IN POLEN<\/strong><\/p>\n<p>Diskussion unter Beteiligung von: Dorota Monkiewicz (Museum f\u00fcr Zeitgen\u00f6ssische Kunst Wroc\u0142aw), Jaros\u0142aw Lubiak (Kunstmuseum \u0141od\u017a), Ma\u0142gorzata Szejnert (Kreis der Freunde des Museums f\u00fcr Zeitgen\u00f6ssische Kunst in Warschau), Julian Heynen (Kunstsammlung Nordrhein-Westfalen D\u00fcsseldorf)<\/p>\n<p>Moderation: Regina Wyrwoll<\/p>\n<p><em>Auftraggeber: Adam-Mickiewicz-Institut Warschau<\/em><\/p>\n<\/td><\/tr><tr><td><strong>17.03.2012 <\/strong>Kunstmuseum M\u00fclheim an der Ruhr&nbsp;\n<p>&nbsp;<\/p>\n<p><strong style=\"color: #3399cc; font-family: inherit;\">JAGD AUF DIE MODERNE. VERBOTENE K\u00dcNSTE IM DRITTEN REICH<\/strong><\/p>\n<p>Ausstellungser\u00f6ffnung im Beisein von Prof. Dr habil. Jacek Purchla (Direktor des Internationalen Kulturzentrums Krakau), Dr. Beate Reese (Direktorin des Kunstmuseums M\u00fclheim an der Ruhr) sowie der beiden Kuratorinnen der Ausstellung, Dr. Monika Rydigier und Judith Sch\u00f6nwiesner<\/p>\n<p><em>Auftraggeber: Kunstmuseum M\u00fclheim an der Ruhr<\/em><\/p>\n<\/td><\/tr><tr><td><strong>26.11.2011<\/strong> Rautenstrauch-Joest-Museum, K\u00f6ln&nbsp;\n<p>&nbsp;<\/p>\n<p><strong style=\"color: #3399cc; font-family: inherit;\">K\u00d6LN TRIFFT KATTOWITZ<\/strong><\/p>\n<p>Feierlichkeiten zum 20. Jahrestag der St\u00e4dtepartnerschaft K\u00f6ln-Kattowitz im Beisein von Dr. Angelica Schwall-D\u00fcren (Ministerin f\u00fcr Bundesangelegenheiten, Europa und Medien des Landes Nordrhein-Westfalen), Marcin Krupa (Vize-Pr\u00e4sident von Kattowitz) und J\u00fcrgen Roters (Oberb\u00fcrgermeister der Stadt K\u00f6ln)<\/p>\n<p><em>Auftraggeber: Stadt K\u00f6ln<\/em><\/p>\n<\/td><\/tr><tr><td><strong>28.10.2011<\/strong> K\u00f6ln \u2502 <strong>29.10.2011<\/strong> Bochum \u2502 <strong>30.10.2011<\/strong> Wuppertal \u2502 <strong>31.10.2011<\/strong> Siegen&nbsp;\n<p>&nbsp;<\/p>\n<p><strong style=\"color: #3399cc; font-family: inherit;\">LANGE NACHT DER POLNISCHEN LITERATUR<\/strong><\/p>\n<p>Autorenlesung und Gespr\u00e4ch mit Krzysztof Niewrz\u0119da und Wojciech Kuczok<\/p>\n<p>Moderation: Dr. Natasza Stelmaszyk<\/p>\n<p><em>Auftraggeber: Kulturzentrum IGNIS K\u00f6ln<\/em><\/p>\n<\/td><\/tr><tr><td><strong>21.10.2011<\/strong> Lew-Kopelew-Forum, K\u00f6ln&nbsp;\n<p>&nbsp;<\/p>\n<p><strong style=\"color: #3399cc; font-family: inherit;\">OLGA TOKARCZUK \u201eDER GESANG DER FLEDERM\u00c4USE\u201c<\/strong><\/p>\n<p>Autorenlesung und Gespr\u00e4ch<\/p>\n<p>Moderation: Doreen Daume<\/p>\n<p><em>Auftraggeber: Polnisches Institut D\u00fcsseldorf<\/em><\/p>\n<\/td><\/tr><tr><td><strong>17.06.2011<\/strong> K\u00f6ln \u2502 <strong>18.06.2011<\/strong> Siegen \u2502 <strong>19.06.2011<\/strong> Bochum \u2502 <strong>20.06.2011<\/strong> Aachen&nbsp; <a href=\"https:\/\/i0.wp.com\/deutsch-und-polnisch.de\/wordpress\/wp-content\/uploads\/2019\/09\/2011.06.17_K\u00f6ln.jpg?ssl=1\"><img decoding=\"async\" class=\"wp-image-433\" style=\"width: 25px;\" src=\"https:\/\/i2.wp.com\/deutsch-und-polnisch.de\/wordpress\/wp-content\/uploads\/2020\/01\/camera-icon-flat-5-e1580209952225.png?w=720&#038;ssl=1\" alt=\"\" data-recalc-dims=\"1\"><\/a><p>&nbsp;<\/p> <p><strong style=\"color: #3399cc; font-family: inherit;\">LANGE NACHT DER POLNISCHEN LITERATUR<\/strong><\/p> <p>Autorenlesung und Gespr\u00e4ch mit Janusz Krynicki und Tomasz R\u00f3\u017cycki<\/p> <p>Moderation: Dr. Natasza Stelmaszyk<\/p> <p><em>Auftraggeber: Kulturzentrum IGNIS K\u00f6ln<\/em><\/p> <\/td><\/tr><tr><td><strong>19.11.2010<\/strong> K\u00f6ln \u2502 <strong>20.11.2010<\/strong> M\u00fcnster \u2502 <strong>21.11.2010<\/strong> Bochum \u2502 <strong>22.11.2010<\/strong> Siegen&nbsp;\n<p>&nbsp;<\/p>\n<p><strong style=\"color: #3399cc; font-family: inherit;\">LANGE NACHT DER POLNISCHEN LITERATUR<\/strong><\/p>\n<p>Autorenlesung und Gespr\u00e4ch mit Magdalena Tulli, Artur Becker und Piotr Piaszczy\u0144ski<\/p>\n<p>Moderation: Dr. Albrecht Lempp<\/p>\n<p><em>Auftraggeber: Kulturzentrum IGNIS K\u00f6ln<\/em><\/p>\n<\/td><\/tr><tr><td><strong>01.10.2010<\/strong> Kulturhaus L\u00ffz, Siegen&nbsp; <a href=\"https:\/\/i1.wp.com\/deutsch-und-polnisch.de\/wordpress\/wp-content\/uploads\/2019\/09\/2010.10.01_Siegen.jpg?ssl=1\"><img decoding=\"async\" class=\"wp-image-433\" style=\"width: 25px;\" src=\"https:\/\/i2.wp.com\/deutsch-und-polnisch.de\/wordpress\/wp-content\/uploads\/2020\/01\/camera-icon-flat-5-e1580209952225.png?w=720&#038;ssl=1\" alt=\"\" data-recalc-dims=\"1\"><\/a><p>&nbsp;<\/p> <p><strong style=\"color: #3399cc; font-family: inherit;\">EUROP\u00c4ISCHES LITERATURFESTIVAL \u201evielSeitig\u201c<\/strong><\/p> <p>Autorenlesung und Gespr\u00e4ch mit Mariusz Szczygie\u0142 und W\u0142odzimierz Nowak<\/p> <p>Moderation: Martin Pollack<\/p> <p><em>Auftraggeber: Kultur!B\u00fcro, Kreis Siegen-Wittgenstein<\/em><\/p> <\/td><\/tr><tr><td><strong>14.01.2010<\/strong> Galerie \u201eRottstr. 5\u201d, Bochum&nbsp;\n<p>&nbsp;<\/p>\n<p><strong style=\"color: #3399cc; font-family: inherit;\">TOMASZ R\u00d3\u017bYCKI \u201eZW\u00d6LF STATIONEN\u201c<\/strong><\/p>\n<p>Autorenlesung und Gespr\u00e4ch<\/p>\n<p>Moderation: Agata Grzenia<\/p>\n<p><em>Auftraggeber: Polnisches Institut D\u00fcsseldorf<\/em><\/p>\n<\/td><\/tr><tr><td><strong>13.11.2009<\/strong> K\u00f6ln \u2502 <strong>14.11.2009<\/strong> Siegen \u2502 <strong>15.11.2009<\/strong> D\u00fcsseldorf \u2502 <strong>16.11.2009<\/strong> Aachen&nbsp;\n<p>&nbsp;<\/p>\n<p><strong style=\"color: #3399cc; font-family: inherit;\">LANGE NACHT DER POLNISCHEN LITERATUR<\/strong><\/p>\n<p>Autorenlesung und Gespr\u00e4ch mit Olga Tokarczuk und Miko\u0142aj \u0141ozi\u0144ski<\/p>\n<p>Moderation: Dr. Albrecht Lempp<\/p>\n<p><em>Auftraggeber: Kulturzentrum IGNIS K\u00f6ln<\/em><\/p>\n<\/td><\/tr><tr><td><strong>03.09.2009<\/strong> Polnisches Institut D\u00fcsseldorf&nbsp;\n<p>&nbsp;<\/p>\n<p><strong style=\"color: #3399cc; font-family: inherit;\">KAZIMIERZ MOCZARSKI \u201eGESPR\u00c4CHE MIT DEM HENKER\u201c<\/strong><\/p>\n<p>Buchvorstellung und Diskussion im Beisein von El\u017cbieta Moczarska, Andrzej Krzysztof Kunert und Wolf-R\u00fcdiger Osburg<\/p>\n<p><em>Auftraggeber: Polnisches Institut D\u00fcsseldorf<\/em><\/p>\n<\/td><\/tr><tr><td><strong>27.03.2009<\/strong> K\u00f6ln \u2502 <strong>28.03.2009<\/strong> Aachen \u2502 <strong>29.03.2009<\/strong> M\u00fcnster \u2502 <strong>30.03.2009<\/strong> Dortmund&nbsp;\n<p>&nbsp;<\/p>\n<p><strong style=\"color: #3399cc; font-family: inherit;\">LANGE NACHT DER POLNISCHEN LITERATUR<\/strong><\/p>\n<p>Autorenlesung und Gespr\u00e4ch mit \u0141ukasz D\u0119bski und Jacek Dehnel<\/p>\n<p>Moderation: Dr. Albrecht Lempp<\/p>\n<p><em>Auftraggeber: Kulturzentrum IGNIS K\u00f6ln<\/em><\/p>\n<\/td><\/tr><tr><td><strong>23.01.2009<\/strong> Polnisches Institut D\u00fcsseldorf&nbsp;\n<p>&nbsp;<\/p>\n<p><strong style=\"color: #3399cc; font-family: inherit;\">ZYGMUNT MI\u0141OSZEWSKI \u201eDOMOFON\u201d und<\/strong><br><strong style=\"color: #3399cc; font-family: inherit;\">MIROS\u0141AW M. BUJKO \u201eDER GOLDENE ZUG\u201d<\/strong><\/p>\n<p>Autorenlesung und Gespr\u00e4ch im Rahmen der Reihe Polnische Kriminalliteratur<\/p>\n<p>Moderation: Manfred Mack<\/p>\n<p><em>Auftraggeber:Polnisches Institut D\u00fcsseldorf<\/em><\/p>\n<\/td><\/tr><tr><td><strong>14.11.2008<\/strong> K\u00f6ln \u2502 <strong>15.11.2008<\/strong> Bochum \u2502 <strong>16.11.2008<\/strong> M\u00fcnster&nbsp;\n<p>&nbsp;<\/p>\n<p><strong style=\"color: #3399cc; font-family: inherit;\">LANGE NACHT DER POLNISCHEN LITERATUR<\/strong><\/p>\n<p>Autorenlesung und Gespr\u00e4ch mit Janusz Rudnicki und Adam Wiedemann<\/p>\n<p>Moderation: Dr. Albrecht Lempp<\/p>\n<p><em>Auftraggeber: Kulturzentrum IGNIS K\u00f6ln<\/em><\/p>\n<\/td><\/tr><tr><td><strong>06.11.2008<\/strong> Gerhardt-Hauptmann-Haus, D\u00fcsseldorf&nbsp;\n<p>&nbsp;<\/p>\n<p><strong style=\"color: #3399cc; font-family: inherit;\">LiterarischesForum NEUES EUROPA 2008<\/strong><\/p>\n<p>Diskussion mit Jacek Dehnel, Tanja D\u00fcckers und Michael Zeller<\/p>\n<p>Moderation: Renate Schmidgall<\/p>\n<p><em>Auftraggeber: Polnisches Institut D\u00fcsseldorf<\/em><\/p>\n<\/td><\/tr><tr><td><strong>24.10.2008<\/strong> Zeche Hannover, Bochum&nbsp;\n<p>&nbsp;<\/p>\n<p><strong style=\"color: #3399cc; font-family: inherit;\">MARIUSZ SZCZYGIE\u0141 \u201eGOTTLAND\u201c<\/strong><\/p>\n<p>Autorenlesung und Gespr\u00e4ch im Rahmen des Festivals der Kulturen Melez.08<\/p>\n<p>Moderation: Jaroslav Sonka<\/p>\n<p><em>Auftraggeber: Polnisches Institut D\u00fcsseldorf<\/em><\/p>\n<\/td><\/tr><tr><td><strong>15.06.2008<\/strong> Palast Wittgenstein, D\u00fcsseldorf&nbsp;\n<p>&nbsp;<\/p>\n<p><strong style=\"color: #3399cc; font-family: inherit;\">MARIUSZ SZCZYGIE\u0141 \u201eGOTTLAND\u201c und&nbsp;<\/strong><br><strong style=\"color: #3399cc; font-family: inherit;\">ALEKSANDER KACZOROWSKI \u201ePRAGER JAGD\u201d<\/strong><\/p>\n<p>Lesung und Gespr\u00e4ch im Rahmen des 23. B\u00fccherbummels auf der K\u00f6<\/p>\n<p>Moderation: Martin Pollack<\/p>\n<p><em>Auftraggeber: Polnisches Institut D\u00fcsseldorf<\/em><\/p>\n<\/td><\/tr><tr><td><strong>20.10.2007<\/strong> Polnisches Institut D\u00fcsseldorf&nbsp; <a href=\"https:\/\/i1.wp.com\/deutsch-und-polnisch.de\/wordpress\/wp-content\/uploads\/2019\/09\/2007.10.20_D\u00fcsseldorf.jpg?ssl=1\"><img decoding=\"async\" class=\"wp-image-433\" style=\"width: 25px;\" src=\"https:\/\/i2.wp.com\/deutsch-und-polnisch.de\/wordpress\/wp-content\/uploads\/2020\/01\/camera-icon-flat-5-e1580209952225.png?w=720&#038;ssl=1\" alt=\"\" data-recalc-dims=\"1\"><\/a><p>&nbsp;<\/p> <p><strong style=\"color: #3399cc; font-family: inherit;\">LANGE NACHT DER POLNISCHEN LITERATUR<\/strong><\/p> <p>Autorenabend mit Pawe\u0142 Huelle<\/p> <p>Moderation: Dr. Albrecht Lempp<\/p> <p><em>Auftraggeber: Kulturzentrum IGNIS K\u00f6ln<\/em><\/p> <\/td><\/tr><tr><td><strong>07.09.2007<\/strong> Polnisches Institut D\u00fcsseldorf&nbsp;\n<p>&nbsp;<\/p>\n<p><strong style=\"color: #3399cc; font-family: inherit;\">POLA NEGRI. EINE KINOLEGENDE<\/strong><\/p>\n<p>Ausstellungser\u00f6ffnung im Beisein von Mieczys\u0142aw Ku\u017amicki, Direktor des Museums der Kinematographie in \u0141\u00f3d\u017a<\/p>\n<p><em>Auftraggeber: Polnisches Institut D\u00fcsseldorf<\/em><\/p>\n<\/td><\/tr><\/tbody><\/table><\/figure>\n\n\n<p><code><br \/>\n<\/code><\/p>\n","protected":false},"excerpt":{"rendered":"<p>17.11.2017 Kino Bambi, D\u00fcsseldorf&nbsp; &nbsp; POLNISCHER FILM ON TOUR 6: DAS NEUE POLNISCHE KINO \u201eLoving Vincent\u201c, Regie: Dorota Kobiela, Hugh Welchman, Polen, Gro\u00dfbritannien 2017, Animationsfilm, 88 Min., OmU Filmvorf\u00fchrung und Gespr\u00e4ch mit dem Regieassistenten Piotr Dominiak Moderation: Dorothee Krings Auftraggeber: Polnisches Institut D\u00fcsseldorf 05.05.2017 Ministerium f\u00fcr Familie, Kinder, Jugend, Kultur und Sport des Landes NRW,&hellip;<\/p>\n","protected":false},"author":1,"featured_media":0,"parent":0,"menu_order":0,"comment_status":"closed","ping_status":"closed","template":"","meta":{"spay_email":""},"_links":{"self":[{"href":"https:\/\/deutsch-und-polnisch.de\/wordpress\/wp-json\/wp\/v2\/pages\/59"}],"collection":[{"href":"https:\/\/deutsch-und-polnisch.de\/wordpress\/wp-json\/wp\/v2\/pages"}],"about":[{"href":"https:\/\/deutsch-und-polnisch.de\/wordpress\/wp-json\/wp\/v2\/types\/page"}],"author":[{"embeddable":true,"href":"https:\/\/deutsch-und-polnisch.de\/wordpress\/wp-json\/wp\/v2\/users\/1"}],"replies":[{"embeddable":true,"href":"https:\/\/deutsch-und-polnisch.de\/wordpress\/wp-json\/wp\/v2\/comments?post=59"}],"version-history":[{"count":39,"href":"https:\/\/deutsch-und-polnisch.de\/wordpress\/wp-json\/wp\/v2\/pages\/59\/revisions"}],"predecessor-version":[{"id":469,"href":"https:\/\/deutsch-und-polnisch.de\/wordpress\/wp-json\/wp\/v2\/pages\/59\/revisions\/469"}],"wp:attachment":[{"href":"https:\/\/deutsch-und-polnisch.de\/wordpress\/wp-json\/wp\/v2\/media?parent=59"}],"curies":[{"name":"wp","href":"https:\/\/api.w.org\/{rel}","templated":true}]}}