{"id":29,"date":"2018-05-30T10:34:53","date_gmt":"2018-05-30T08:34:53","guid":{"rendered":"http:\/\/deutsch-und-polnisch.de\/wordpress\/?page_id=29"},"modified":"2020-01-13T12:00:11","modified_gmt":"2020-01-13T11:00:11","slug":"home","status":"publish","type":"page","link":"https:\/\/deutsch-und-polnisch.de\/wordpress\/","title":{"rendered":"Startseite"},"content":{"rendered":"<h5 data-wp-editing=\"1\"><a href=\"https:\/\/i2.wp.com\/deutsch-und-polnisch.de\/wordpress\/wp-content\/uploads\/2018\/05\/zdjecie.jpg?ssl=1\"><img decoding=\"async\" loading=\"lazy\" class=\" wp-image-48 alignleft\" src=\"https:\/\/i2.wp.com\/deutsch-und-polnisch.de\/wordpress\/wp-content\/uploads\/2018\/05\/zdjecie.jpg?resize=192%2C277&#038;ssl=1\" alt=\"\" width=\"192\" height=\"277\" srcset=\"https:\/\/i2.wp.com\/deutsch-und-polnisch.de\/wordpress\/wp-content\/uploads\/2018\/05\/zdjecie.jpg?w=140&amp;ssl=1 140w, https:\/\/i2.wp.com\/deutsch-und-polnisch.de\/wordpress\/wp-content\/uploads\/2018\/05\/zdjecie.jpg?resize=139%2C200&amp;ssl=1 139w\" sizes=\"(max-width: 192px) 100vw, 192px\" data-recalc-dims=\"1\" \/><\/a>Herzlich willkommen!<\/h5>\n<p>Ich bin seit 1987 als freie \u00dcbersetzerin und Dolmetscherin f\u00fcr die polnische Sprache t\u00e4tig. In dieser Zeit habe ich zahlreiche Auftr\u00e4ge von Bundesministerien, \u00f6ffentlichen und privaten Institutionen, Wirtschaftsunternehmen, Gerichten, Beh\u00f6rden und Privatleuten zur vollsten Zufriedenheit meiner Kunden ausgef\u00fchrt. Vielen von Ihnen stehe ich seit langem regelm\u00e4\u00dfig zu Diensten.<\/p>\n<p style=\"text-align: left;\">Ich bin zweisprachig aufgewachsen. Die Schwerpunkte meiner Arbeit sind dementsprechend breit gef\u00e4chert. Sie liegen in den Bereichen Recht, Wirtschaft, Verkehr, Raumordnung, Umwelt, St\u00e4dtebau, Architektur sowie Kunst und Literatur. Die rasche Einarbeitung in neue Wissensgebiete, hohe Qualit\u00e4t, Seriosit\u00e4t und Diskretion geh\u00f6ren f\u00fcr mich zu den Selbstverst\u00e4ndlichkeiten meines Berufes.<\/p>\n<p style=\"text-align: left;\">Wenn Sie eine \u00dcbersetzung oder einen Dolmetschtermin w\u00fcnschen, nehmen Sie bitte telefonisch, per Fax oder per E-Mail Kontakt mit mir auf.<\/p>\n<p style=\"text-align: left;\">Detaillierte Informationen zu den beiden Auftragsarten sowie zur Preisgestaltung entnehmen Sie bitte den Seiten \u201eDolmetschen\u201d und \u201e\u00dcbersetzen\u201d.<\/p>\n<h5>Brigitte Nenzel<\/h5>\n<p><code><\/code><\/p>\n","protected":false},"excerpt":{"rendered":"<p>Herzlich willkommen! Ich bin seit 1987 als freie \u00dcbersetzerin und Dolmetscherin f\u00fcr die polnische Sprache t\u00e4tig. In dieser Zeit habe ich zahlreiche Auftr\u00e4ge von Bundesministerien, \u00f6ffentlichen und privaten Institutionen, Wirtschaftsunternehmen, Gerichten, Beh\u00f6rden und Privatleuten zur vollsten Zufriedenheit meiner Kunden ausgef\u00fchrt. Vielen von Ihnen stehe ich seit langem regelm\u00e4\u00dfig zu Diensten. Ich bin zweisprachig aufgewachsen. Die&hellip;<\/p>\n","protected":false},"author":1,"featured_media":0,"parent":0,"menu_order":0,"comment_status":"closed","ping_status":"closed","template":"","meta":{"spay_email":""},"_links":{"self":[{"href":"https:\/\/deutsch-und-polnisch.de\/wordpress\/wp-json\/wp\/v2\/pages\/29"}],"collection":[{"href":"https:\/\/deutsch-und-polnisch.de\/wordpress\/wp-json\/wp\/v2\/pages"}],"about":[{"href":"https:\/\/deutsch-und-polnisch.de\/wordpress\/wp-json\/wp\/v2\/types\/page"}],"author":[{"embeddable":true,"href":"https:\/\/deutsch-und-polnisch.de\/wordpress\/wp-json\/wp\/v2\/users\/1"}],"replies":[{"embeddable":true,"href":"https:\/\/deutsch-und-polnisch.de\/wordpress\/wp-json\/wp\/v2\/comments?post=29"}],"version-history":[{"count":41,"href":"https:\/\/deutsch-und-polnisch.de\/wordpress\/wp-json\/wp\/v2\/pages\/29\/revisions"}],"predecessor-version":[{"id":452,"href":"https:\/\/deutsch-und-polnisch.de\/wordpress\/wp-json\/wp\/v2\/pages\/29\/revisions\/452"}],"wp:attachment":[{"href":"https:\/\/deutsch-und-polnisch.de\/wordpress\/wp-json\/wp\/v2\/media?parent=29"}],"curies":[{"name":"wp","href":"https:\/\/api.w.org\/{rel}","templated":true}]}}