{"id":25,"date":"2018-05-30T10:34:53","date_gmt":"2018-05-30T08:34:53","guid":{"rendered":"http:\/\/deutsch-und-polnisch.de\/wordpress\/?page_id=25"},"modified":"2020-01-28T12:02:13","modified_gmt":"2020-01-28T11:02:13","slug":"puplikationen","status":"publish","type":"page","link":"https:\/\/deutsch-und-polnisch.de\/wordpress\/puplikationen\/","title":{"rendered":"Publikationen"},"content":{"rendered":"\n<table class=\"wp-block-table\"><tbody><tr><td>\n<h4 style=\"padding-left: 120px;\"><figure><a href=\"https:\/\/i1.wp.com\/deutsch-und-polnisch.de\/wordpress\/wp-content\/uploads\/2018\/05\/01-buch_polen-exil.png?ssl=1\"><img decoding=\"async\" loading=\"lazy\" class=\"alignleft wp-image-75 size-full\" src=\"https:\/\/i1.wp.com\/deutsch-und-polnisch.de\/wordpress\/wp-content\/uploads\/2018\/05\/01-buch_polen-exil.png?resize=140%2C250&#038;ssl=1\" alt=\"\" width=\"140\" height=\"250\" srcset=\"https:\/\/i1.wp.com\/deutsch-und-polnisch.de\/wordpress\/wp-content\/uploads\/2018\/05\/01-buch_polen-exil.png?zoom=2&amp;resize=140%2C250&amp;ssl=1 280w, https:\/\/i1.wp.com\/deutsch-und-polnisch.de\/wordpress\/wp-content\/uploads\/2018\/05\/01-buch_polen-exil.png?zoom=3&amp;resize=140%2C250&amp;ssl=1 420w\" sizes=\"(max-width: 140px) 100vw, 140px\" data-recalc-dims=\"1\" \/><\/a><\/figure>J\u0119drzej Kitowicz<br><span style=\"color: #3399cc;\"><strong>Die Konf\u00f6derierten von Bar<\/strong><\/span><\/h4>\n<p>in:&nbsp;<em>Polen im Exil. Eine Anthologie<\/em><\/p>\n<p style=\"text-align: left;\">hg. von&nbsp;Krzysztof Dybciak, Frankfurt\/M. (Suhrkamp) 1988<\/p>\n<p style=\"text-align: left;\">[<em>Reihe \u201ePolnische Bibliothek\u201c, begr\u00fcndet von Karl Dedecius, Deutsches Polen-Institut Darmstadt<\/em>]<em> \u2013 <\/em><strong>\u00dcbersetzung<\/strong><\/p>\n<\/td><\/tr><tr><td>&nbsp;<\/td><\/tr><tr><td>\n<h4 style=\"padding-left: 120px;\"><figure><a href=\"https:\/\/i2.wp.com\/deutsch-und-polnisch.de\/wordpress\/wp-content\/uploads\/2018\/05\/02-buch-ohne-mu\u0308he.png?ssl=1\" target=\"_blank\" rel=\"noopener noreferrer\"><img decoding=\"async\" loading=\"lazy\" class=\"alignleft wp-image-76\" src=\"https:\/\/i2.wp.com\/deutsch-und-polnisch.de\/wordpress\/wp-content\/uploads\/2018\/05\/02-buch-ohne-mu\u0308he.png?resize=140%2C219&#038;ssl=1\" alt=\"\" width=\"140\" height=\"219\" srcset=\"https:\/\/i2.wp.com\/deutsch-und-polnisch.de\/wordpress\/wp-content\/uploads\/2018\/05\/02-buch-ohne-mu\u0308he.png?w=160&amp;ssl=1 160w, https:\/\/i2.wp.com\/deutsch-und-polnisch.de\/wordpress\/wp-content\/uploads\/2018\/05\/02-buch-ohne-mu\u0308he.png?resize=128%2C200&amp;ssl=1 128w\" sizes=\"(max-width: 140px) 100vw, 140px\" data-recalc-dims=\"1\" \/><\/a><\/figure>Barbara Kuszmider<br><strong><span style=\"color: #3399cc;\">Polnisch ohne M\u00fche<\/span><\/strong><\/h4>\n<p>Chennevieres-sur-Marne (Assimil) 1995<\/p>\n<p>[<em>Lehrbuch und 4 Ton-Cassetten<\/em>]<em> \u2013 <\/em><strong>deutsche Bearbeitung<\/strong><\/p>\n<\/td><\/tr><tr><td>&nbsp;<\/td><\/tr><tr><td>\n<h4 style=\"padding-left: 120px;\"><figure><a href=\"https:\/\/i1.wp.com\/deutsch-und-polnisch.de\/wordpress\/wp-content\/uploads\/2018\/05\/03-buch-sympahtie.png?ssl=1\"><img decoding=\"async\" loading=\"lazy\" class=\"alignleft wp-image-77\" src=\"https:\/\/i1.wp.com\/deutsch-und-polnisch.de\/wordpress\/wp-content\/uploads\/2018\/05\/03-buch-sympahtie.png?resize=140%2C206&#038;ssl=1\" alt=\"\" width=\"140\" height=\"206\" srcset=\"https:\/\/i1.wp.com\/deutsch-und-polnisch.de\/wordpress\/wp-content\/uploads\/2018\/05\/03-buch-sympahtie.png?w=170&amp;ssl=1 170w, https:\/\/i1.wp.com\/deutsch-und-polnisch.de\/wordpress\/wp-content\/uploads\/2018\/05\/03-buch-sympahtie.png?resize=136%2C200&amp;ssl=1 136w\" sizes=\"(max-width: 140px) 100vw, 140px\" data-recalc-dims=\"1\" \/><\/a><\/figure>Brigitte Nenzel, Reinhard Nenzel<br><span style=\"color: #3399cc;\"><strong>Polen verstehen<\/strong><br><\/span>Sympathie Magazin Europa Nr. 34<\/h4>\n<p>Ammerland (Studienkreis f\u00fcr Tourismus und Entwicklung) 2001<\/p>\n<p>[<em>Informationsheft<\/em>]<em> \u2013 <\/em><strong>Redaktion<\/strong><\/p>\n<\/td><\/tr><tr><td>&nbsp;<\/td><\/tr><tr><td>\n<h4 style=\"padding-left: 120px;\"><figure><a href=\"https:\/\/i1.wp.com\/deutsch-und-polnisch.de\/wordpress\/wp-content\/uploads\/2018\/05\/04-buch.png?ssl=1\"><img decoding=\"async\" loading=\"lazy\" class=\"alignleft wp-image-78\" src=\"https:\/\/i1.wp.com\/deutsch-und-polnisch.de\/wordpress\/wp-content\/uploads\/2018\/05\/04-buch.png?resize=140%2C254&#038;ssl=1\" alt=\"\" width=\"140\" height=\"254\" srcset=\"https:\/\/i1.wp.com\/deutsch-und-polnisch.de\/wordpress\/wp-content\/uploads\/2018\/05\/04-buch.png?w=138&amp;ssl=1 138w, https:\/\/i1.wp.com\/deutsch-und-polnisch.de\/wordpress\/wp-content\/uploads\/2018\/05\/04-buch.png?resize=110%2C200&amp;ssl=1 110w\" sizes=\"(max-width: 140px) 100vw, 140px\" data-recalc-dims=\"1\" \/><\/a><\/figure>Ma\u0142gorzata Omilanowska, Jerzy S. Majewski<br><strong><span style=\"color: #3399cc;\">Danzig &amp; Ostpommern<\/span><\/strong><\/h4>\n<p>Starnberg (Dorling Kindersley) 2000 [<em>Reisef\u00fchrer<\/em>] <strong>\u2013 \u00dcbersetzung<\/strong><em><br><\/em><\/p>\n<\/td><\/tr><tr><td>&nbsp;<\/td><\/tr><tr><td>\n<h4 style=\"padding-left: 120px;\"><figure><a href=\"https:\/\/i2.wp.com\/deutsch-und-polnisch.de\/wordpress\/wp-content\/uploads\/2018\/05\/05-buch.png?ssl=1\"><img decoding=\"async\" loading=\"lazy\" class=\"alignleft wp-image-79\" src=\"https:\/\/i2.wp.com\/deutsch-und-polnisch.de\/wordpress\/wp-content\/uploads\/2018\/05\/05-buch.png?resize=140%2C132&#038;ssl=1\" alt=\"\" width=\"140\" height=\"132\" srcset=\"https:\/\/i2.wp.com\/deutsch-und-polnisch.de\/wordpress\/wp-content\/uploads\/2018\/05\/05-buch.png?w=265&amp;ssl=1 265w, https:\/\/i2.wp.com\/deutsch-und-polnisch.de\/wordpress\/wp-content\/uploads\/2018\/05\/05-buch.png?resize=200%2C189&amp;ssl=1 200w\" sizes=\"(max-width: 140px) 100vw, 140px\" data-recalc-dims=\"1\" \/><\/a><\/figure>Maria Marta G\u00f3ralska<br><strong><span style=\"color: #3399cc;\">Danziger Malerei des 19. Jahrhunderts<\/span><\/strong><\/h4>\n<p>M\u00fcnster (Westpreu\u00dfisches Landesmuseum) 2005<\/p>\n<p>[<em>Ausstellungskatalog<\/em>]<em> \u2013 <\/em><strong>\u00dcbersetzung<\/strong><\/p>\n<\/td><\/tr><tr><td>&nbsp;<\/td><\/tr><tr><td>\n<h4 style=\"padding-left: 120px;\"><figure><a href=\"https:\/\/i2.wp.com\/deutsch-und-polnisch.de\/wordpress\/wp-content\/uploads\/2018\/05\/06-buch.png?ssl=1\"><img decoding=\"async\" loading=\"lazy\" class=\"alignleft wp-image-80\" src=\"https:\/\/i2.wp.com\/deutsch-und-polnisch.de\/wordpress\/wp-content\/uploads\/2018\/05\/06-buch.png?resize=140%2C133&#038;ssl=1\" alt=\"\" width=\"140\" height=\"133\" srcset=\"https:\/\/i2.wp.com\/deutsch-und-polnisch.de\/wordpress\/wp-content\/uploads\/2018\/05\/06-buch.png?w=263&amp;ssl=1 263w, https:\/\/i2.wp.com\/deutsch-und-polnisch.de\/wordpress\/wp-content\/uploads\/2018\/05\/06-buch.png?resize=200%2C190&amp;ssl=1 200w\" sizes=\"(max-width: 140px) 100vw, 140px\" data-recalc-dims=\"1\" \/><\/a><\/figure>Micha\u0142 Wo\u017aniak<br><strong><span style=\"color: #3399cc;\">Fragmente der Vergangenheit<\/span><\/strong><\/h4>\n<p>M\u00fcnster (Westpreu\u00dfisches Landesmuseum) 2006<\/p>\n<p>[<em>Ausstellungskatalog<\/em>] <strong>\u2013 \u00dcbersetzung<\/strong><em><br><\/em><\/p>\n<\/td><\/tr><tr><td>&nbsp;<\/td><\/tr><tr><td>\n<h4 style=\"padding-left: 120px;\"><figure><a href=\"https:\/\/i0.wp.com\/deutsch-und-polnisch.de\/wordpress\/wp-content\/uploads\/2018\/05\/07-buch.png?ssl=1\"><img decoding=\"async\" loading=\"lazy\" class=\"alignleft wp-image-81\" src=\"https:\/\/i0.wp.com\/deutsch-und-polnisch.de\/wordpress\/wp-content\/uploads\/2018\/05\/07-buch.png?resize=140%2C172&#038;ssl=1\" alt=\"\" width=\"140\" height=\"172\" srcset=\"https:\/\/i0.wp.com\/deutsch-und-polnisch.de\/wordpress\/wp-content\/uploads\/2018\/05\/07-buch.png?w=203&amp;ssl=1 203w, https:\/\/i0.wp.com\/deutsch-und-polnisch.de\/wordpress\/wp-content\/uploads\/2018\/05\/07-buch.png?resize=162%2C200&amp;ssl=1 162w\" sizes=\"(max-width: 140px) 100vw, 140px\" data-recalc-dims=\"1\" \/><\/a><\/figure>Reinhold H\u00fclsewiesche<br><span style=\"color: #3399cc;\"><strong>Dieter G\u00f6tze. Bieg czasu<\/strong><\/span><\/h4>\n<p>M\u00fcnster (Westpreu\u00dfisches Landesmuseum) 2007<\/p>\n<p>[<em>Begleitheft zur Ausstellung<\/em>] <strong>\u2013 \u00dcbersetzung<\/strong><em><br><\/em><\/p>\n<\/td><\/tr><tr><td>&nbsp;<\/td><\/tr><tr><td>\n<h4 style=\"padding-left: 120px;\"><figure><a href=\"https:\/\/i0.wp.com\/deutsch-und-polnisch.de\/wordpress\/wp-content\/uploads\/2018\/05\/08-buch.png?ssl=1\"><img decoding=\"async\" loading=\"lazy\" class=\"alignleft wp-image-82\" src=\"https:\/\/i0.wp.com\/deutsch-und-polnisch.de\/wordpress\/wp-content\/uploads\/2018\/05\/08-buch.png?resize=140%2C199&#038;ssl=1\" alt=\"\" width=\"140\" height=\"199\" srcset=\"https:\/\/i0.wp.com\/deutsch-und-polnisch.de\/wordpress\/wp-content\/uploads\/2018\/05\/08-buch.png?w=260&amp;ssl=1 260w, https:\/\/i0.wp.com\/deutsch-und-polnisch.de\/wordpress\/wp-content\/uploads\/2018\/05\/08-buch.png?resize=211%2C300&amp;ssl=1 211w, https:\/\/i0.wp.com\/deutsch-und-polnisch.de\/wordpress\/wp-content\/uploads\/2018\/05\/08-buch.png?resize=141%2C200&amp;ssl=1 141w\" sizes=\"(max-width: 140px) 100vw, 140px\" data-recalc-dims=\"1\" \/><\/a><\/figure><span style=\"color: #3399cc;\"><strong>Fachglossar &#8211;&nbsp;Betriebliche Ausbildung<\/strong><br><\/span>Glosariusz &#8211; Kszta\u0142cenie Zawodowe<\/h4>\n<p>Bonn (Programmstelle beim Bundesinstitut f\u00fcr Berufsbildung [BIBB] f\u00fcr das Programm JOBSTARTER des Bundesministerium f\u00fcr Bildung und Forschung [BMBJ]), 2011<\/p>\n<p>[<em>Brosch\u00fcre<\/em>]<em> &#8211; <\/em><strong>\u00dcbersetzung<\/strong><\/p>\n<\/td><\/tr><tr><td>&nbsp;<\/td><\/tr><tr><td> <h4 style=\"padding-left: 120px;\"><figure><a href=\"https:\/\/i1.wp.com\/deutsch-und-polnisch.de\/wordpress\/wp-content\/uploads\/2018\/05\/09-buch.png?ssl=1\"><img decoding=\"async\" loading=\"lazy\" class=\"alignleft wp-image-83\" src=\"https:\/\/i1.wp.com\/deutsch-und-polnisch.de\/wordpress\/wp-content\/uploads\/2018\/05\/09-buch.png?resize=140%2C199&#038;ssl=1\" alt=\"\" width=\"140\" height=\"199\" srcset=\"https:\/\/i1.wp.com\/deutsch-und-polnisch.de\/wordpress\/wp-content\/uploads\/2018\/05\/09-buch.png?w=260&amp;ssl=1 260w, https:\/\/i1.wp.com\/deutsch-und-polnisch.de\/wordpress\/wp-content\/uploads\/2018\/05\/09-buch.png?resize=211%2C300&amp;ssl=1 211w, https:\/\/i1.wp.com\/deutsch-und-polnisch.de\/wordpress\/wp-content\/uploads\/2018\/05\/09-buch.png?resize=141%2C200&amp;ssl=1 141w\" sizes=\"(max-width: 140px) 100vw, 140px\" data-recalc-dims=\"1\" \/><\/a><\/figure><span style=\"color: #3399cc;\"><strong>Elternratgeber: Ausbildung in Deutschland<\/strong><br><\/span>Poradnik dla rodzic\u00f3w: Kszta\u0142cenie zawodowe w Niemczech<\/h4> <p>Bonn (Programmstelle beim Bundesinstitut f\u00fcr Berufsbildung [BIBB] f\u00fcr das Programm JOBSTARTER des Bundesministerium f\u00fcr Bildung und Forschung [BMBJ]), 2013<\/p> <p>[<em>Brosch\u00fcre<\/em>]<em> &#8211; <\/em><strong>\u00dcbersetzung<\/strong><\/p><\/td><\/tr><\/tbody><\/table>\n<p><code><br \/>\n<\/code><\/p>\n","protected":false},"excerpt":{"rendered":"<p>J\u0119drzej KitowiczDie Konf\u00f6derierten von Bar in:&nbsp;Polen im Exil. Eine Anthologie hg. von&nbsp;Krzysztof Dybciak, Frankfurt\/M. (Suhrkamp) 1988 [Reihe \u201ePolnische Bibliothek\u201c, begr\u00fcndet von Karl Dedecius, Deutsches Polen-Institut Darmstadt] \u2013 \u00dcbersetzung &nbsp; Barbara KuszmiderPolnisch ohne M\u00fche Chennevieres-sur-Marne (Assimil) 1995 [Lehrbuch und 4 Ton-Cassetten] \u2013 deutsche Bearbeitung &nbsp; Brigitte Nenzel, Reinhard NenzelPolen verstehenSympathie Magazin Europa Nr. 34 Ammerland (Studienkreis&hellip;<\/p>\n","protected":false},"author":1,"featured_media":0,"parent":0,"menu_order":4,"comment_status":"closed","ping_status":"closed","template":"","meta":{"spay_email":""},"_links":{"self":[{"href":"https:\/\/deutsch-und-polnisch.de\/wordpress\/wp-json\/wp\/v2\/pages\/25"}],"collection":[{"href":"https:\/\/deutsch-und-polnisch.de\/wordpress\/wp-json\/wp\/v2\/pages"}],"about":[{"href":"https:\/\/deutsch-und-polnisch.de\/wordpress\/wp-json\/wp\/v2\/types\/page"}],"author":[{"embeddable":true,"href":"https:\/\/deutsch-und-polnisch.de\/wordpress\/wp-json\/wp\/v2\/users\/1"}],"replies":[{"embeddable":true,"href":"https:\/\/deutsch-und-polnisch.de\/wordpress\/wp-json\/wp\/v2\/comments?post=25"}],"version-history":[{"count":125,"href":"https:\/\/deutsch-und-polnisch.de\/wordpress\/wp-json\/wp\/v2\/pages\/25\/revisions"}],"predecessor-version":[{"id":503,"href":"https:\/\/deutsch-und-polnisch.de\/wordpress\/wp-json\/wp\/v2\/pages\/25\/revisions\/503"}],"wp:attachment":[{"href":"https:\/\/deutsch-und-polnisch.de\/wordpress\/wp-json\/wp\/v2\/media?parent=25"}],"curies":[{"name":"wp","href":"https:\/\/api.w.org\/{rel}","templated":true}]}}