{"id":24,"date":"2018-05-30T10:34:53","date_gmt":"2018-05-30T08:34:53","guid":{"rendered":"http:\/\/deutsch-und-polnisch.de\/wordpress\/?page_id=24"},"modified":"2020-01-16T23:58:57","modified_gmt":"2020-01-16T22:58:57","slug":"referenzen","status":"publish","type":"page","link":"https:\/\/deutsch-und-polnisch.de\/wordpress\/referenzen\/","title":{"rendered":"Referenzen"},"content":{"rendered":"<p>Die folgende Aufstellung enth\u00e4lt eine Auswahl der wichtigsten Gesch\u00e4ftspartner, f\u00fcr die ich \u00dcbersetzungen angefertigt bzw. Dolmetschtermine wahrgenommen habe.<\/p>\n<h4><strong><span style=\"color: #3399cc;\">Bundesministerien<\/span><\/strong><\/h4>\n<ul>\n<li>BM f\u00fcr Verkehr, Bau- und Wohnungswesen<\/li>\n<li>BM der Finanzen<\/li>\n<li>BM des Inneren<\/li>\n<li>BM der Justiz<\/li>\n<li>BM f\u00fcr Gesundheit<\/li>\n<\/ul>\n<h4><strong><span style=\"color: #3399cc;\">\u00d6ffentliche und private Institutionen<\/span><\/strong><\/h4>\n<ul>\n<li>Deutsche Stiftung f\u00fcr internationale rechtliche Zusammenarbeit e.V., Bonn<\/li>\n<li>Deutsche Ausgleichsbank (DtA), Bonn<\/li>\n<li>Gesellschaft f\u00fcr Versicherungswissenschaft und -gestaltung e.V., K\u00f6ln<\/li>\n<li>Bundesverband Deutscher Omnibusunternehmen e.V., Bonn<\/li>\n<li>Westpreu\u00dfisches Landesmuseum, M\u00fcnster-Wolbeck<\/li>\n<li>Polnisches Institut, D\u00fcsseldorf<\/li>\n<li>IGNIS e.V. Europ\u00e4isches Kulturzentrum, K\u00f6ln<\/li>\n<li>Kultur!B\u00fcro, Kreis Siegen-Wittgenstein<\/li>\n<li>Porta Polonica, Bochum<\/li>\n<\/ul>\n<h4><strong><span style=\"color: #3399cc;\">Wirtschaftsunternehmen<\/span><\/strong><\/h4>\n<ul>\n<li>Deutsche Post DHL, Bonn<\/li>\n<li>W. Andernach GmbH &amp; Co. KG, Bonn<\/li>\n<li>Schwelmer Eisenwerk Vertriebs- und Kundendienst GmbH, Schwelm<\/li>\n<li>Willach GmbH, Ruppichteroth<\/li>\n<li>Frauenrath GmbH &amp; Co. KG, Heinsberg<\/li>\n<\/ul>\n<h4><strong><span style=\"color: #3399cc;\">Verlage<\/span><\/strong><\/h4>\n<ul>\n<li>Suhrkamp Verlag, Frankfurt am Main<\/li>\n<li>Assimil GmbH, N\u00f6rvenich<\/li>\n<li>Dorling Kindersley Verlag GmbH, Starnberg<\/li>\n<\/ul>\n<h4><strong><span style=\"color: #3399cc;\">Beh\u00f6rden<\/span><\/strong><\/h4>\n<ul>\n<li>Bundesamt f\u00fcr Justiz<\/li>\n<li>Staatsanwaltschaft Bonn<\/li>\n<li>Polizeipr\u00e4sidium Bonn<\/li>\n<li>Kreispolizeibeh\u00f6rde Siegburg<\/li>\n<li>Polizeipr\u00e4sidium K\u00f6ln<\/li>\n<li>Hauptzollamt K\u00f6ln<\/li>\n<\/ul>\n<h4><strong><span style=\"color: #3399cc;\">Gerichte<\/span><\/strong><\/h4>\n<ul>\n<li>Oberlandesgericht, K\u00f6ln<\/li>\n<li>Landgerichte in Bonn, Koblenz und Trier<\/li>\n<li>Zahlreiche Amtsgerichte in den Bezirken des LG Bonn und des LG Koblenz<\/li>\n<\/ul>\n<h4><strong><span style=\"color: #3399cc;\">\u00dcbersetzungsb\u00fcros<\/span><\/strong><\/h4>\n<ul>\n<li>Sprachendienst Kayser, Bonn<\/li>\n<li>Bonnscript GmbH, Bonn<\/li>\n<li>Translingua \u00dcbersetzungsdienst GmbH, Bonn<\/li>\n<li>Sprachendienst Helmut Bangard, Marburg<\/li>\n<li>Bartsch Consult GbR, K\u00f6nigswinter<\/li>\n<li>ABC Sprachschule \u00dcbersetzungsb\u00fcro, Bonn<\/li>\n<li>proidioma Fach\u00fcbersetzungen, Meckenheim<\/li>\n<\/ul>\n<p><code><\/code><\/p>\n","protected":false},"excerpt":{"rendered":"<p>Die folgende Aufstellung enth\u00e4lt eine Auswahl der wichtigsten Gesch\u00e4ftspartner, f\u00fcr die ich \u00dcbersetzungen angefertigt bzw. Dolmetschtermine wahrgenommen habe. Bundesministerien BM f\u00fcr Verkehr, Bau- und Wohnungswesen BM der Finanzen BM des Inneren BM der Justiz BM f\u00fcr Gesundheit \u00d6ffentliche und private Institutionen Deutsche Stiftung f\u00fcr internationale rechtliche Zusammenarbeit e.V., Bonn Deutsche Ausgleichsbank (DtA), Bonn Gesellschaft f\u00fcr&hellip;<\/p>\n","protected":false},"author":1,"featured_media":0,"parent":0,"menu_order":3,"comment_status":"closed","ping_status":"closed","template":"","meta":{"spay_email":""},"_links":{"self":[{"href":"https:\/\/deutsch-und-polnisch.de\/wordpress\/wp-json\/wp\/v2\/pages\/24"}],"collection":[{"href":"https:\/\/deutsch-und-polnisch.de\/wordpress\/wp-json\/wp\/v2\/pages"}],"about":[{"href":"https:\/\/deutsch-und-polnisch.de\/wordpress\/wp-json\/wp\/v2\/types\/page"}],"author":[{"embeddable":true,"href":"https:\/\/deutsch-und-polnisch.de\/wordpress\/wp-json\/wp\/v2\/users\/1"}],"replies":[{"embeddable":true,"href":"https:\/\/deutsch-und-polnisch.de\/wordpress\/wp-json\/wp\/v2\/comments?post=24"}],"version-history":[{"count":17,"href":"https:\/\/deutsch-und-polnisch.de\/wordpress\/wp-json\/wp\/v2\/pages\/24\/revisions"}],"predecessor-version":[{"id":446,"href":"https:\/\/deutsch-und-polnisch.de\/wordpress\/wp-json\/wp\/v2\/pages\/24\/revisions\/446"}],"wp:attachment":[{"href":"https:\/\/deutsch-und-polnisch.de\/wordpress\/wp-json\/wp\/v2\/media?parent=24"}],"curies":[{"name":"wp","href":"https:\/\/api.w.org\/{rel}","templated":true}]}}