{"id":27,"date":"2018-05-30T10:34:53","date_gmt":"2018-05-30T08:34:53","guid":{"rendered":"http:\/\/deutsch-und-polnisch.de\/pl\/?page_id=27"},"modified":"2020-01-28T19:42:25","modified_gmt":"2020-01-28T18:42:25","slug":"impressum","status":"publish","type":"page","link":"https:\/\/deutsch-und-polnisch.de\/pl\/impressum\/","title":{"rendered":"Stopka"},"content":{"rendered":"<h2>Odpowiedzialna za tre\u015bci stron internetowych:<\/h2>\n<p><strong><span style=\"color: #3399cc;\">BRIGITTE NENZEL<\/span><\/strong><br \/>\nP\u00fctzchensweg 34 b<br \/>\n53227 Bonn, Niemcy<\/p>\n<p>Tel.: 0228\/465320<br \/>\nFax: 0228\/465088<br \/>\nMobil: +49\/170\/8118085<br \/>\ne-Mail: <a href=\"mailto:bnenzel@t-online.de\">bnenzel@t-online.de<\/a><\/p>\n<h4><strong><span style=\"color: #3399cc;\">INFORMACJA O PRAWACH AUTORSKICH<\/span><\/strong><\/h4>\n<p>Teksty, zdj\u0119cia, grafiki oraz uk\u0142ad tych stron s\u0105 chronione prawem autorskim. Nieuprawnione wykorzystanie, powielanie lub przekazywanie tre\u015bci w cz\u0119\u015bci lub w ca\u0142o\u015bci jest zabronione.<\/p>\n<p>Zdj\u0119cia publikacji za uprzejmym zezwoleniem wydawnictw i wydawc\u00f3w.<\/p>\n<h4><strong><span style=\"color: #3399cc;\">WY\u0141\u0104CZENIE ODPOWIEDZIALNO\u015aCI CYWILNEJ<\/span><\/strong><\/h4>\n<p>Mimo stara\u0144 dok\u0142adanych przy opracowywaniu strony nie mo\u017cemy wzi\u0105\u0107 odpowiedzialno\u015bci za tre\u015bci stron pod wzgl\u0119dem jej poprawno\u015bci, \u015bcis\u0142o\u015bci i aktualno\u015bci.<\/p>\n<h6><a href=\"https:\/\/deutsch-und-polnisch.de\/pl\/datenschutz\/\">Datenschutz<\/a><\/h6>\n<p><code><a href=\"https:\/\/deutsch-und-polnisch.de\/wordpress\/\" title=\"Deutsch\"><img src=\"https:\/\/deutsch-und-polnisch.de\/pl\/wp-content\/plugins\/multisite-language-switcher\/flags\/de.png\" alt=\"de_DE\"\/> Deutsch<\/a><\/code><\/p>\n","protected":false},"excerpt":{"rendered":"<p>Odpowiedzialna za tre\u015bci stron internetowych: BRIGITTE NENZEL P\u00fctzchensweg 34 b 53227 Bonn, Niemcy Tel.: 0228\/465320 Fax: 0228\/465088 Mobil: +49\/170\/8118085 e-Mail: bnenzel@t-online.de INFORMACJA O PRAWACH AUTORSKICH Teksty, zdj\u0119cia, grafiki oraz uk\u0142ad tych stron s\u0105 chronione prawem autorskim. Nieuprawnione wykorzystanie, powielanie lub przekazywanie tre\u015bci w cz\u0119\u015bci lub w ca\u0142o\u015bci jest zabronione. Zdj\u0119cia publikacji za uprzejmym zezwoleniem wydawnictw&hellip;<\/p>\n","protected":false},"author":1,"featured_media":0,"parent":0,"menu_order":0,"comment_status":"closed","ping_status":"closed","template":"","meta":{"spay_email":""},"_links":{"self":[{"href":"https:\/\/deutsch-und-polnisch.de\/pl\/wp-json\/wp\/v2\/pages\/27"}],"collection":[{"href":"https:\/\/deutsch-und-polnisch.de\/pl\/wp-json\/wp\/v2\/pages"}],"about":[{"href":"https:\/\/deutsch-und-polnisch.de\/pl\/wp-json\/wp\/v2\/types\/page"}],"author":[{"embeddable":true,"href":"https:\/\/deutsch-und-polnisch.de\/pl\/wp-json\/wp\/v2\/users\/1"}],"replies":[{"embeddable":true,"href":"https:\/\/deutsch-und-polnisch.de\/pl\/wp-json\/wp\/v2\/comments?post=27"}],"version-history":[{"count":18,"href":"https:\/\/deutsch-und-polnisch.de\/pl\/wp-json\/wp\/v2\/pages\/27\/revisions"}],"predecessor-version":[{"id":449,"href":"https:\/\/deutsch-und-polnisch.de\/pl\/wp-json\/wp\/v2\/pages\/27\/revisions\/449"}],"wp:attachment":[{"href":"https:\/\/deutsch-und-polnisch.de\/pl\/wp-json\/wp\/v2\/media?parent=27"}],"curies":[{"name":"wp","href":"https:\/\/api.w.org\/{rel}","templated":true}]}}