{"id":25,"date":"2018-05-30T10:34:53","date_gmt":"2018-05-30T08:34:53","guid":{"rendered":"http:\/\/deutsch-und-polnisch.de\/pl\/?page_id=25"},"modified":"2021-11-06T00:47:31","modified_gmt":"2021-11-05T23:47:31","slug":"puplikationen","status":"publish","type":"page","link":"https:\/\/deutsch-und-polnisch.de\/pl\/puplikationen\/","title":{"rendered":"Publikacje"},"content":{"rendered":"<table>\n<tbody>\n<tr>\n<td colspan=\"2\" width=\"396\">\n<h4 style=\"padding-left: 120px;\"><a href=\"https:\/\/deutsch-und-polnisch.de\/pl\/wp-content\/uploads\/2018\/05\/01-buch_polen-exil.png\"><img decoding=\"async\" loading=\"lazy\" class=\"wp-image-75 size-full alignleft\" src=\"https:\/\/deutsch-und-polnisch.de\/pl\/wp-content\/uploads\/2018\/05\/01-buch_polen-exil.png\" alt=\"\" width=\"140\" height=\"250\"><\/a>J\u0119drzej Kitowicz<br \/>\n<span style=\"color: #3399cc;\"><strong>Die Konf\u00f6derierten von Bar<\/strong><\/span><\/h4>\n<p>w:&nbsp;<em>Polen im Exil. Eine Anthologie<\/em><\/p>\n<p>Krzysztof Dybciak (red.), Frankfurt am Main (Suhrkamp) 1988<\/p>\n<p><em>[<\/em><em>seria \u201eBiblioteka Polska\u201c, utworzona przez Karola Dedeciusa, Niemiecki Instytut Kultury Polskiej w Darmstadt] \u2013 <strong>t\u0142umaczenie<\/strong><\/em><\/td>\n<\/tr>\n<tr>\n<td colspan=\"2\" width=\"396\"><\/td>\n<\/tr>\n<tr>\n<td colspan=\"2\" width=\"396\">\n<h4 style=\"padding-left: 120px;\"><a href=\"https:\/\/deutsch-und-polnisch.de\/pl\/wp-content\/uploads\/2018\/05\/02-buch-ohne-mu\u0308he.png\" target=\"_blank\" rel=\"noopener noreferrer\"><img decoding=\"async\" loading=\"lazy\" class=\"alignleft wp-image-76\" src=\"https:\/\/deutsch-und-polnisch.de\/pl\/wp-content\/uploads\/2018\/05\/02-buch-ohne-mu\u0308he.png\" alt=\"\" width=\"140\" height=\"219\" srcset=\"https:\/\/deutsch-und-polnisch.de\/pl\/wp-content\/uploads\/sites\/7\/2018\/05\/02-buch-ohne-mu\u0308he.png 160w, https:\/\/deutsch-und-polnisch.de\/pl\/wp-content\/uploads\/sites\/7\/2018\/05\/02-buch-ohne-mu\u0308he-128x200.png 128w\" sizes=\"(max-width: 140px) 100vw, 140px\" \/><\/a>Barbara Kuszmider<br \/>\n<strong><span style=\"color: #3399cc;\">Polnisch ohne M\u00fche<\/span><\/strong><\/h4>\n<p>Chennevieres-sur-Marne (Assimil) 1995<\/p>\n<p><em>[<\/em><em>podr\u0119cznik do nauki j\u0119zyka polskiego wraz z 4 kasetami] <\/em><strong><em>\u2013 niemieckie opracowanie<\/em><\/strong><\/td>\n<\/tr>\n<tr>\n<td colspan=\"2\" width=\"396\"><\/td>\n<\/tr>\n<tr>\n<td colspan=\"2\" width=\"396\">\n<h4 style=\"padding-left: 120px;\"><a href=\"https:\/\/deutsch-und-polnisch.de\/pl\/wp-content\/uploads\/2018\/05\/03-buch-sympahtie.png\"><img decoding=\"async\" loading=\"lazy\" class=\"alignleft wp-image-77\" src=\"https:\/\/deutsch-und-polnisch.de\/pl\/wp-content\/uploads\/2018\/05\/03-buch-sympahtie.png\" alt=\"\" width=\"140\" height=\"206\" srcset=\"https:\/\/deutsch-und-polnisch.de\/pl\/wp-content\/uploads\/sites\/7\/2018\/05\/03-buch-sympahtie.png 170w, https:\/\/deutsch-und-polnisch.de\/pl\/wp-content\/uploads\/sites\/7\/2018\/05\/03-buch-sympahtie-136x200.png 136w\" sizes=\"(max-width: 140px) 100vw, 140px\" \/><\/a>Brigitte Nenzel, Reinhard Nenzel<br \/>\n<span style=\"color: #3399cc;\"><strong>Polen verstehen<\/strong><br \/>\n<\/span>Sympathie Magazin Europa Nr. 34<\/h4>\n<p>Ammerland (Studienkreis f\u00fcr Tourismus und Entwicklung) 2001<\/p>\n<p><em>[informator o Polsce] \u2013 <\/em><strong><em>redakcja<\/em><\/strong><\/td>\n<\/tr>\n<tr>\n<td colspan=\"2\" width=\"396\"><\/td>\n<\/tr>\n<tr>\n<td colspan=\"2\" width=\"396\">\n<h4 style=\"padding-left: 120px;\"><a href=\"https:\/\/deutsch-und-polnisch.de\/pl\/wp-content\/uploads\/2018\/05\/04-buch.png\"><img decoding=\"async\" loading=\"lazy\" class=\"alignleft wp-image-78\" src=\"https:\/\/deutsch-und-polnisch.de\/pl\/wp-content\/uploads\/2018\/05\/04-buch.png\" alt=\"\" width=\"140\" height=\"254\" srcset=\"https:\/\/deutsch-und-polnisch.de\/pl\/wp-content\/uploads\/sites\/7\/2018\/05\/04-buch.png 138w, https:\/\/deutsch-und-polnisch.de\/pl\/wp-content\/uploads\/sites\/7\/2018\/05\/04-buch-110x200.png 110w\" sizes=\"(max-width: 140px) 100vw, 140px\" \/><\/a>Ma\u0142gorzata Omilanowska, Jerzy S. Majewski<br \/>\n<strong><span style=\"color: #3399cc;\">Danzig &amp; Ostpommern<\/span><\/strong><\/h4>\n<p>Starnberg (Dorling Kindersley) 2000 <em>[przewodnik turystyczny] \u2013 <strong>t\u0142umaczenie<\/strong><\/em><\/td>\n<\/tr>\n<tr>\n<td colspan=\"2\" width=\"396\"><\/td>\n<\/tr>\n<tr>\n<td colspan=\"2\" width=\"396\">\n<h4 style=\"padding-left: 120px;\"><a href=\"https:\/\/deutsch-und-polnisch.de\/pl\/wp-content\/uploads\/2018\/05\/05-buch.png\"><img decoding=\"async\" loading=\"lazy\" class=\"alignleft wp-image-79\" src=\"https:\/\/deutsch-und-polnisch.de\/pl\/wp-content\/uploads\/2018\/05\/05-buch.png\" alt=\"\" width=\"140\" height=\"132\" srcset=\"https:\/\/deutsch-und-polnisch.de\/pl\/wp-content\/uploads\/sites\/7\/2018\/05\/05-buch.png 265w, https:\/\/deutsch-und-polnisch.de\/pl\/wp-content\/uploads\/sites\/7\/2018\/05\/05-buch-200x189.png 200w\" sizes=\"(max-width: 140px) 100vw, 140px\" \/><\/a>Maria Marta G\u00f3ralska<br \/>\n<strong><span style=\"color: #3399cc;\">Danziger Malerei des 19. Jahrhunderts<\/span><\/strong><\/h4>\n<p>M\u00fcnster (Westpreu\u00dfisches Landesmuseum) 2005<\/p>\n<p><em>[katalog wystawy] \u2013 <\/em><strong><em>t\u0142umaczenie<\/em><\/strong><\/td>\n<\/tr>\n<tr>\n<td colspan=\"2\" width=\"396\"><\/td>\n<\/tr>\n<tr>\n<td colspan=\"2\" width=\"396\">\n<h4 style=\"padding-left: 120px;\"><a href=\"https:\/\/deutsch-und-polnisch.de\/pl\/wp-content\/uploads\/2018\/05\/06-buch.png\"><img decoding=\"async\" loading=\"lazy\" class=\"alignleft wp-image-80\" src=\"https:\/\/deutsch-und-polnisch.de\/pl\/wp-content\/uploads\/2018\/05\/06-buch.png\" alt=\"\" width=\"140\" height=\"133\" srcset=\"https:\/\/deutsch-und-polnisch.de\/pl\/wp-content\/uploads\/sites\/7\/2018\/05\/06-buch.png 263w, https:\/\/deutsch-und-polnisch.de\/pl\/wp-content\/uploads\/sites\/7\/2018\/05\/06-buch-200x190.png 200w\" sizes=\"(max-width: 140px) 100vw, 140px\" \/><\/a>Micha\u0142 Wo\u017aniak<br \/>\n<strong><span style=\"color: #3399cc;\">Fragmente der Vergangenheit<\/span><\/strong><\/h4>\n<p>M\u00fcnster (Westpreu\u00dfisches Landesmuseum) 2006<\/p>\n<p><em>[katalog wystawy] \u2013 <strong>t\u0142umaczenie<\/strong><\/em><\/td>\n<\/tr>\n<tr>\n<td colspan=\"2\" width=\"396\"><\/td>\n<\/tr>\n<tr>\n<td colspan=\"2\" width=\"396\">\n<h4 style=\"padding-left: 120px;\"><a href=\"https:\/\/deutsch-und-polnisch.de\/pl\/wp-content\/uploads\/2018\/05\/07-buch.png\"><img decoding=\"async\" loading=\"lazy\" class=\"alignleft wp-image-81\" src=\"https:\/\/deutsch-und-polnisch.de\/pl\/wp-content\/uploads\/2018\/05\/07-buch.png\" alt=\"\" width=\"140\" height=\"172\" srcset=\"https:\/\/deutsch-und-polnisch.de\/pl\/wp-content\/uploads\/sites\/7\/2018\/05\/07-buch.png 203w, https:\/\/deutsch-und-polnisch.de\/pl\/wp-content\/uploads\/sites\/7\/2018\/05\/07-buch-162x200.png 162w\" sizes=\"(max-width: 140px) 100vw, 140px\" \/><\/a>Reinhold H\u00fclsewiesche<br \/>\n<span style=\"color: #3399cc;\"><strong>Dieter G\u00f6tze. Bieg czasu<\/strong><\/span><\/h4>\n<p>M\u00fcnster (Westpreu\u00dfisches Landesmuseum) 2007<\/p>\n<p><em>[broszura do wystawy] \u2013 <strong>t\u0142umaczenie<\/strong><\/em><\/td>\n<\/tr>\n<tr>\n<td colspan=\"2\" width=\"396\"><\/td>\n<\/tr>\n<tr>\n<td colspan=\"2\" width=\"396\">\n<h4 style=\"padding-left: 120px;\"><a href=\"https:\/\/deutsch-und-polnisch.de\/pl\/wp-content\/uploads\/2018\/05\/08-buch.png\"><img decoding=\"async\" loading=\"lazy\" class=\"alignleft wp-image-82\" src=\"https:\/\/deutsch-und-polnisch.de\/pl\/wp-content\/uploads\/2018\/05\/08-buch.png\" alt=\"\" width=\"140\" height=\"199\" srcset=\"https:\/\/deutsch-und-polnisch.de\/pl\/wp-content\/uploads\/sites\/7\/2018\/05\/08-buch.png 260w, https:\/\/deutsch-und-polnisch.de\/pl\/wp-content\/uploads\/sites\/7\/2018\/05\/08-buch-211x300.png 211w, https:\/\/deutsch-und-polnisch.de\/pl\/wp-content\/uploads\/sites\/7\/2018\/05\/08-buch-141x200.png 141w\" sizes=\"(max-width: 140px) 100vw, 140px\" \/><\/a><span style=\"color: #3399cc;\"><strong>Fachglossar &#8211;&nbsp;Betriebliche Ausbildung<\/strong><br \/>\n<\/span>Glosariusz &#8211; Kszta\u0142cenie Zawodowe<\/h4>\n<p>Bonn (Programmstelle beim Bundesinstitut f\u00fcr Berufsbildung [BIBB] f\u00fcr das Programm JOBSTARTER des Bundesministerium f\u00fcr Bildung und Forschung [BMBJ]), 2011<\/p>\n<p><em>[broszura] \u2013<\/em><strong><em> t\u0142umaczenie<\/em><\/strong><\/td>\n<\/tr>\n<tr>\n<td colspan=\"2\" width=\"396\"><\/td>\n<\/tr>\n<tr>\n<td colspan=\"2\" width=\"396\">\n<h4 style=\"padding-left: 120px;\"><a href=\"https:\/\/deutsch-und-polnisch.de\/pl\/wp-content\/uploads\/2018\/05\/09-buch.png\"><img decoding=\"async\" loading=\"lazy\" class=\"alignleft wp-image-83\" src=\"https:\/\/deutsch-und-polnisch.de\/pl\/wp-content\/uploads\/2018\/05\/09-buch.png\" alt=\"\" width=\"140\" height=\"199\" srcset=\"https:\/\/deutsch-und-polnisch.de\/pl\/wp-content\/uploads\/sites\/7\/2018\/05\/09-buch.png 260w, https:\/\/deutsch-und-polnisch.de\/pl\/wp-content\/uploads\/sites\/7\/2018\/05\/09-buch-211x300.png 211w, https:\/\/deutsch-und-polnisch.de\/pl\/wp-content\/uploads\/sites\/7\/2018\/05\/09-buch-141x200.png 141w\" sizes=\"(max-width: 140px) 100vw, 140px\" \/><\/a><span style=\"color: #3399cc;\"><strong>Elternratgeber: Ausbildung in Deutschland<\/strong><br \/>\n<\/span>Poradnik dla rodzic\u00f3w: Kszta\u0142cenie zawodowe w Niemczech<\/h4>\n<p>Bonn (Programmstelle beim Bundesinstitut f\u00fcr Berufsbildung [BIBB] f\u00fcr das Programm JOBSTARTER des Bundesministerium f\u00fcr Bildung und Forschung [BMBJ]), 2013<\/p>\n<p><em>[broszura] \u2013 <\/em><strong><em>t\u0142umaczenie<\/em><\/strong><\/td>\n<\/tr>\n<\/tbody>\n<\/table>\n<p><code><br \/>\n<a href=\"https:\/\/deutsch-und-polnisch.de\/wordpress\/\" title=\"Deutsch\"><img src=\"https:\/\/deutsch-und-polnisch.de\/pl\/wp-content\/plugins\/multisite-language-switcher\/flags\/de.png\" alt=\"de_DE\"\/> Deutsch<\/a><\/code><\/p>\n","protected":false},"excerpt":{"rendered":"<p>J\u0119drzej Kitowicz Die Konf\u00f6derierten von Bar w:&nbsp;Polen im Exil. Eine Anthologie Krzysztof Dybciak (red.), Frankfurt am Main (Suhrkamp) 1988 [seria \u201eBiblioteka Polska\u201c, utworzona przez Karola Dedeciusa, Niemiecki Instytut Kultury Polskiej w Darmstadt] \u2013 t\u0142umaczenie Barbara Kuszmider Polnisch ohne M\u00fche Chennevieres-sur-Marne (Assimil) 1995 [podr\u0119cznik do nauki j\u0119zyka polskiego wraz z 4 kasetami] \u2013 niemieckie opracowanie Brigitte&hellip;<\/p>\n","protected":false},"author":1,"featured_media":0,"parent":0,"menu_order":4,"comment_status":"closed","ping_status":"closed","template":"","meta":{"spay_email":""},"_links":{"self":[{"href":"https:\/\/deutsch-und-polnisch.de\/pl\/wp-json\/wp\/v2\/pages\/25"}],"collection":[{"href":"https:\/\/deutsch-und-polnisch.de\/pl\/wp-json\/wp\/v2\/pages"}],"about":[{"href":"https:\/\/deutsch-und-polnisch.de\/pl\/wp-json\/wp\/v2\/types\/page"}],"author":[{"embeddable":true,"href":"https:\/\/deutsch-und-polnisch.de\/pl\/wp-json\/wp\/v2\/users\/1"}],"replies":[{"embeddable":true,"href":"https:\/\/deutsch-und-polnisch.de\/pl\/wp-json\/wp\/v2\/comments?post=25"}],"version-history":[{"count":118,"href":"https:\/\/deutsch-und-polnisch.de\/pl\/wp-json\/wp\/v2\/pages\/25\/revisions"}],"predecessor-version":[{"id":459,"href":"https:\/\/deutsch-und-polnisch.de\/pl\/wp-json\/wp\/v2\/pages\/25\/revisions\/459"}],"wp:attachment":[{"href":"https:\/\/deutsch-und-polnisch.de\/pl\/wp-json\/wp\/v2\/media?parent=25"}],"curies":[{"name":"wp","href":"https:\/\/api.w.org\/{rel}","templated":true}]}}